{"id":3282,"date":"2026-03-23T10:14:48","date_gmt":"2026-03-23T10:14:48","guid":{"rendered":"https:\/\/liridoni-kos.com\/?page_id=3282"},"modified":"2026-03-23T13:25:38","modified_gmt":"2026-03-23T13:25:38","slug":"politika-e-cookie-ve","status":"publish","type":"page","link":"https:\/\/liridoni-kos.com\/sq\/politika-e-cookie-ve\/","title":{"rendered":"Politika e cookie-ve"},"content":{"rendered":"<style>\n  a.cky-banner-element {<br \/>    padding: 8px 30px;<br \/>    background: #f8f9fa;<br \/>    color: #858a8f;<br \/>    border: 1px solid #dee2e6;<br \/>    box-sizing: border-box;<br \/>    border-radius: 2px;<br \/>    cursor: pointer<br \/>  }<br \/><\/style>\n<h1 class=\"cookie-policy-h1\"><\/h1>\n<p>&nbsp;<\/p>\n<h1 class=\"cookie-policy-h1\">Politika e cookie-ve<\/h1>\n<div class=\"cookie-policy-date-container\">\n<p>(Kjo politik\u00eb \u00ebsht\u00eb hartuar n\u00eb p\u00ebrputhje me Ligjin Nr. 06\/L-082 p\u00ebr Mbrojtjen e t\u00eb Dh\u00ebnave Personale t\u00eb Republik\u00ebs s\u00eb Kosov\u00ebs.)<\/p>\n<p>P\u00ebrdit\u00ebsuar p\u00ebr her\u00eb t\u00eb fundit: 23 Mars 2026<\/p>\n<\/div>\n<p>&nbsp;<\/p>\n<h2>What are cookies?\u00c7far\u00eb jan\u00eb cookies?<\/h2>\n<div class=\"cookie-policy-p\">\n<p>Kjo Politik\u00eb e Cookie-ve shpjegon se \u00e7far\u00eb jan\u00eb cookies, si i p\u00ebrdorim ato, llojet e cookies q\u00eb p\u00ebrdorim (dometh\u00ebn\u00eb, informacionin q\u00eb mbledhim duke p\u00ebrdorur cookies dhe si p\u00ebrdoret ky informacion) dhe si t\u00eb menaxhoni cil\u00ebsimet e cookies.<\/p>\n<p>Cookies are small text files used to store small pieces of information. Ato ruhen n\u00eb pajisjen tuaj kur nj\u00eb faqe interneti ngarkohet n\u00eb shfletuesin tuaj. K\u00ebto cookies ndihmojn\u00eb n\u00eb sigurimin q\u00eb faqja e internetit t\u00eb funksionoj\u00eb si\u00e7 duhet, rrisin sigurin\u00eb, ofrojn\u00eb nj\u00eb p\u00ebrvoj\u00eb m\u00eb t\u00eb mir\u00eb p\u00ebr p\u00ebrdoruesit dhe analizojn\u00eb performanc\u00ebn p\u00ebr t\u00eb identifikuar se \u00e7far\u00eb funksionon dhe ku nevojiten p\u00ebrmir\u00ebsime.<\/p>\n<\/div>\n<p>&nbsp;<\/p>\n<h2>Si i p\u00ebrdorim cookies?<\/h2>\n<div class=\"cookie-policy-p\">\n<p>Like most online services, our website uses both first-party and third-party cookies for various purposes. Cookie-t e pal\u00ebs s\u00eb par\u00eb jan\u00eb kryesisht t\u00eb nevojshme q\u00eb faqja e internetit t\u00eb funksionoj\u00eb si\u00e7 duhet dhe nuk mbledhin t\u00eb dh\u00ebna personale t\u00eb identifikueshme.<\/p>\n<p>Cookie-t e pal\u00ebve t\u00eb treta t\u00eb p\u00ebrdorura n\u00eb faqen ton\u00eb t\u00eb internetit na ndihmojn\u00eb kryesisht t\u00eb kuptojm\u00eb se si funksionon faqja e internetit, t\u00eb gjurmojm\u00eb se si bashk\u00ebveproni me t\u00eb, t\u00eb mbajm\u00eb sh\u00ebrbimet tona t\u00eb sigurta, t\u00eb ofrojm\u00eb reklama relevante dhe t\u00eb p\u00ebrmir\u00ebsojm\u00eb p\u00ebrvoj\u00ebn tuaj t\u00eb p\u00ebrgjithshme si p\u00ebrdorues, duke p\u00ebrmir\u00ebsuar nj\u00ebkoh\u00ebsisht shpejt\u00ebsin\u00eb e nd\u00ebrveprimeve tuaja t\u00eb ardhshme me faqen ton\u00eb t\u00eb internetit.<\/p>\n<\/div>\n<p>&nbsp;<\/p>\n<h2>Llojet e cookies q\u00eb p\u00ebrdorim<\/h2>\n<div class=\"cky-audit-table-element\"><\/div>\n<p>&nbsp;<\/p>\n<h2 style=\"margin-bottom: 20px;\">Menaxho preferencat e cookies<\/h2>\n<p><a class=\"cky-banner-element\">Preferencat e P\u00eblqimit<\/a><\/p>\n<div>\n<p>Mund t\u2019i modifikoni cil\u00ebsimet e cookie-ve n\u00eb \u00e7do koh\u00eb duke klikuar butonin &#8216;Preferencat e P\u00eblqimit&#8217; m\u00eb sip\u00ebr. This will allow you to revisit the cookie consent banner and update your preferences or withdraw your consent immediately.<\/p>\n<p>P\u00ebr m\u00eb tep\u00ebr, shfletues t\u00eb ndrysh\u00ebm ofrojn\u00eb metoda t\u00eb ndryshme p\u00ebr t\u00eb bllokuar dhe fshir\u00eb cookie-t e p\u00ebrdorura nga faqet e internetit. Mund t\u00eb rregulloni cil\u00ebsimet e shfletuesit tuaj p\u00ebr t\u00eb bllokuar ose fshir\u00eb cookie-t. M\u00eb posht\u00eb jan\u00eb lidhjet p\u00ebr dokumente mb\u00ebshtet\u00ebse se si t\u00eb menaxhoni dhe fshini cookie-t n\u00eb shfletuesit kryesor\u00eb t\u00eb internetit.<\/p>\n<p>Chrome: <a href=\"https:\/\/support.google.com\/accounts\/answer\/32050\" target=\"_blank\" rel=\"noopener noreferrer\">https:\/\/support.google.com\/accounts\/answer\/32050<\/a><\/p>\n<p>Safari: <a href=\"https:\/\/support.apple.com\/en-in\/guide\/safari\/sfri11471\/mac\" target=\"_blank\" rel=\"noopener noreferrer\">https:\/\/support.apple.com\/en-in\/guide\/safari\/sfri11471\/mac<\/a><\/p>\n<p>Firefox: <a href=\"https:\/\/support.mozilla.org\/en-US\/kb\/clear-cookies-and-site-data-firefox?redirectslug=delete-cookies-remove-info-websites-stored&amp;redirectlocale=en-US\" target=\"_blank\" rel=\"noopener noreferrer\">https:\/\/support.mozilla.org\/en-US\/kb\/clear-cookies-and-site-data-firefox?redirectslug=delete-cookies-remove-info-websites-stored&amp;redirectlocale=en-US<\/a><\/p>\n<p>Internet Explorer: <a href=\"https:\/\/support.microsoft.com\/en-us\/topic\/how-to-delete-cookie-files-in-internet-explorer-bca9446f-d873-78de-77ba-d42645fa52fc\" target=\"_blank\" rel=\"noopener noreferrer\">https:\/\/support.microsoft.com\/en-us\/topic\/how-to-delete-cookie-files-in-internet-explorer-bca9446f-d873-78de-77ba-d42645fa52fc<\/a><\/p>\n<p>N\u00ebse po p\u00ebrdorni nj\u00eb shfletues tjet\u00ebr interneti, ju lutemi referojuni dokumentacionit zyrtar t\u00eb mb\u00ebshtetjes s\u00eb tij.<\/p>\n<\/div>\n<p><!-- End CookieYes cookie policy --><\/p>\n","protected":false},"excerpt":{"rendered":"<p>&nbsp; Politika e cookie-ve (Kjo politik\u00eb \u00ebsht\u00eb hartuar n\u00eb p\u00ebrputhje me Ligjin Nr. 06\/L-082 p\u00ebr Mbrojtjen e t\u00eb Dh\u00ebnave Personale t\u00eb Republik\u00ebs s\u00eb Kosov\u00ebs.) P\u00ebrdit\u00ebsuar p\u00ebr her\u00eb t\u00eb fundit: 23 Mars 2026 &nbsp; What are cookies?\u00c7far\u00eb jan\u00eb cookies? Kjo Politik\u00eb e Cookie-ve shpjegon se \u00e7far\u00eb jan\u00eb cookies, si i p\u00ebrdorim ato, llojet e cookies q\u00eb [&hellip;]<\/p>\n","protected":false},"author":1,"featured_media":0,"parent":0,"menu_order":0,"comment_status":"closed","ping_status":"closed","template":"","meta":{"_acf_changed":false,"site-sidebar-layout":"default","site-content-layout":"","ast-site-content-layout":"default","site-content-style":"default","site-sidebar-style":"default","ast-global-header-display":"","ast-banner-title-visibility":"","ast-main-header-display":"","ast-hfb-above-header-display":"","ast-hfb-below-header-display":"","ast-hfb-mobile-header-display":"","site-post-title":"","ast-breadcrumbs-content":"","ast-featured-img":"","footer-sml-layout":"","ast-disable-related-posts":"","theme-transparent-header-meta":"default","adv-header-id-meta":"","stick-header-meta":"","header-above-stick-meta":"","header-main-stick-meta":"","header-below-stick-meta":"","astra-migrate-meta-layouts":"set","ast-page-background-enabled":"default","ast-page-background-meta":{"desktop":{"background-color":"var(--ast-global-color-4)","background-image":"","background-repeat":"repeat","background-position":"center center","background-size":"auto","background-attachment":"scroll","background-type":"","background-media":"","overlay-type":"","overlay-color":"","overlay-opacity":"","overlay-gradient":""},"tablet":{"background-color":"","background-image":"","background-repeat":"repeat","background-position":"center center","background-size":"auto","background-attachment":"scroll","background-type":"","background-media":"","overlay-type":"","overlay-color":"","overlay-opacity":"","overlay-gradient":""},"mobile":{"background-color":"","background-image":"","background-repeat":"repeat","background-position":"center center","background-size":"auto","background-attachment":"scroll","background-type":"","background-media":"","overlay-type":"","overlay-color":"","overlay-opacity":"","overlay-gradient":""}},"ast-content-background-meta":{"desktop":{"background-color":"var(--ast-global-color-5)","background-image":"","background-repeat":"repeat","background-position":"center center","background-size":"auto","background-attachment":"scroll","background-type":"","background-media":"","overlay-type":"","overlay-color":"","overlay-opacity":"","overlay-gradient":""},"tablet":{"background-color":"var(--ast-global-color-5)","background-image":"","background-repeat":"repeat","background-position":"center center","background-size":"auto","background-attachment":"scroll","background-type":"","background-media":"","overlay-type":"","overlay-color":"","overlay-opacity":"","overlay-gradient":""},"mobile":{"background-color":"var(--ast-global-color-5)","background-image":"","background-repeat":"repeat","background-position":"center center","background-size":"auto","background-attachment":"scroll","background-type":"","background-media":"","overlay-type":"","overlay-color":"","overlay-opacity":"","overlay-gradient":""}},"footnotes":""},"class_list":["post-3282","page","type-page","status-publish","hentry"],"acf":[],"yoast_head":"<!-- This site is optimized with the Yoast SEO plugin v27.1.1 - https:\/\/yoast.com\/product\/yoast-seo-wordpress\/ -->\n<title>Politika e cookie-ve - LIRIDONI DISTRIBUTION<\/title>\n<meta name=\"robots\" content=\"index, follow, max-snippet:-1, max-image-preview:large, max-video-preview:-1\" \/>\n<link rel=\"canonical\" href=\"https:\/\/liridoni-kos.com\/sq\/politika-e-cookie-ve\/\" \/>\n<meta property=\"og:locale\" content=\"sq_AL\" \/>\n<meta property=\"og:type\" content=\"article\" \/>\n<meta property=\"og:title\" content=\"Politika e cookie-ve - LIRIDONI DISTRIBUTION\" \/>\n<meta property=\"og:description\" content=\"&nbsp; Politika e cookie-ve (Kjo politik\u00eb \u00ebsht\u00eb hartuar n\u00eb p\u00ebrputhje me Ligjin Nr. 06\/L-082 p\u00ebr Mbrojtjen e t\u00eb Dh\u00ebnave Personale t\u00eb Republik\u00ebs s\u00eb Kosov\u00ebs.) P\u00ebrdit\u00ebsuar p\u00ebr her\u00eb t\u00eb fundit: 23 Mars 2026 &nbsp; What are cookies?\u00c7far\u00eb jan\u00eb cookies? Kjo Politik\u00eb e Cookie-ve shpjegon se \u00e7far\u00eb jan\u00eb cookies, si i p\u00ebrdorim ato, llojet e cookies q\u00eb [&hellip;]\" \/>\n<meta property=\"og:url\" content=\"https:\/\/liridoni-kos.com\/sq\/politika-e-cookie-ve\/\" \/>\n<meta property=\"og:site_name\" content=\"LIRIDONI DISTRIBUTION\" \/>\n<meta property=\"article:publisher\" content=\"https:\/\/www.facebook.com\/nt.liridoni\/\" \/>\n<meta property=\"article:modified_time\" content=\"2026-03-23T13:25:38+00:00\" \/>\n<meta property=\"og:image\" content=\"https:\/\/liridoni-kos.com\/wp-content\/uploads\/2023\/05\/liridoni-seo.jpg\" \/>\n\t<meta property=\"og:image:width\" content=\"1200\" \/>\n\t<meta property=\"og:image:height\" content=\"675\" \/>\n\t<meta property=\"og:image:type\" content=\"image\/jpeg\" \/>\n<meta name=\"twitter:card\" content=\"summary_large_image\" \/>\n<meta name=\"twitter:label1\" content=\"Est. reading time\" \/>\n\t<meta name=\"twitter:data1\" content=\"2 minutes\" \/>\n<script type=\"application\/ld+json\" class=\"yoast-schema-graph\">{\"@context\":\"https:\/\/schema.org\",\"@graph\":[{\"@type\":\"WebPage\",\"@id\":\"https:\/\/liridoni-kos.com\/sq\/politika-e-cookie-ve\/\",\"url\":\"https:\/\/liridoni-kos.com\/sq\/politika-e-cookie-ve\/\",\"name\":\"Politika e cookie-ve - LIRIDONI DISTRIBUTION\",\"isPartOf\":{\"@id\":\"https:\/\/liridoni-kos.com\/#website\"},\"datePublished\":\"2026-03-23T10:14:48+00:00\",\"dateModified\":\"2026-03-23T13:25:38+00:00\",\"breadcrumb\":{\"@id\":\"https:\/\/liridoni-kos.com\/sq\/politika-e-cookie-ve\/#breadcrumb\"},\"inLanguage\":\"sq-AL\",\"potentialAction\":[{\"@type\":\"ReadAction\",\"target\":[\"https:\/\/liridoni-kos.com\/sq\/politika-e-cookie-ve\/\"]}]},{\"@type\":\"BreadcrumbList\",\"@id\":\"https:\/\/liridoni-kos.com\/sq\/politika-e-cookie-ve\/#breadcrumb\",\"itemListElement\":[{\"@type\":\"ListItem\",\"position\":1,\"name\":\"Home\",\"item\":\"https:\/\/liridoni-kos.com\/\"},{\"@type\":\"ListItem\",\"position\":2,\"name\":\"Politika e cookie-ve\"}]},{\"@type\":\"WebSite\",\"@id\":\"https:\/\/liridoni-kos.com\/#website\",\"url\":\"https:\/\/liridoni-kos.com\/\",\"name\":\"LIRIDONI DISTRIBUTION\",\"description\":\"34 YEARS OF EXPERIENCE\",\"publisher\":{\"@id\":\"https:\/\/liridoni-kos.com\/#organization\"},\"potentialAction\":[{\"@type\":\"SearchAction\",\"target\":{\"@type\":\"EntryPoint\",\"urlTemplate\":\"https:\/\/liridoni-kos.com\/?s={search_term_string}\"},\"query-input\":{\"@type\":\"PropertyValueSpecification\",\"valueRequired\":true,\"valueName\":\"search_term_string\"}}],\"inLanguage\":\"sq-AL\"},{\"@type\":\"Organization\",\"@id\":\"https:\/\/liridoni-kos.com\/#organization\",\"name\":\"LIRIDONI Distribution\",\"url\":\"https:\/\/liridoni-kos.com\/\",\"logo\":{\"@type\":\"ImageObject\",\"inLanguage\":\"sq-AL\",\"@id\":\"https:\/\/liridoni-kos.com\/#\/schema\/logo\/image\/\",\"url\":\"http:\/\/localhost\/liridonua\/wp-content\/uploads\/2023\/05\/liridoni-seo.jpg\",\"contentUrl\":\"http:\/\/localhost\/liridonua\/wp-content\/uploads\/2023\/05\/liridoni-seo.jpg\",\"width\":1200,\"height\":675,\"caption\":\"LIRIDONI Distribution\"},\"image\":{\"@id\":\"https:\/\/liridoni-kos.com\/#\/schema\/logo\/image\/\"},\"sameAs\":[\"https:\/\/www.facebook.com\/nt.liridoni\/\",\"https:\/\/www.instagram.com\/liridonidistribution\/\"]}]}<\/script>\n<!-- \/ Yoast SEO plugin. -->","yoast_head_json":{"title":"Politika e cookie-ve - LIRIDONI DISTRIBUTION","robots":{"index":"index","follow":"follow","max-snippet":"max-snippet:-1","max-image-preview":"max-image-preview:large","max-video-preview":"max-video-preview:-1"},"canonical":"https:\/\/liridoni-kos.com\/sq\/politika-e-cookie-ve\/","og_locale":"sq_AL","og_type":"article","og_title":"Politika e cookie-ve - LIRIDONI DISTRIBUTION","og_description":"&nbsp; Politika e cookie-ve (Kjo politik\u00eb \u00ebsht\u00eb hartuar n\u00eb p\u00ebrputhje me Ligjin Nr. 06\/L-082 p\u00ebr Mbrojtjen e t\u00eb Dh\u00ebnave Personale t\u00eb Republik\u00ebs s\u00eb Kosov\u00ebs.) P\u00ebrdit\u00ebsuar p\u00ebr her\u00eb t\u00eb fundit: 23 Mars 2026 &nbsp; What are cookies?\u00c7far\u00eb jan\u00eb cookies? Kjo Politik\u00eb e Cookie-ve shpjegon se \u00e7far\u00eb jan\u00eb cookies, si i p\u00ebrdorim ato, llojet e cookies q\u00eb [&hellip;]","og_url":"https:\/\/liridoni-kos.com\/sq\/politika-e-cookie-ve\/","og_site_name":"LIRIDONI DISTRIBUTION","article_publisher":"https:\/\/www.facebook.com\/nt.liridoni\/","article_modified_time":"2026-03-23T13:25:38+00:00","og_image":[{"width":1200,"height":675,"url":"https:\/\/liridoni-kos.com\/wp-content\/uploads\/2023\/05\/liridoni-seo.jpg","type":"image\/jpeg"}],"twitter_card":"summary_large_image","twitter_misc":{"Est. reading time":"2 minutes"},"schema":{"@context":"https:\/\/schema.org","@graph":[{"@type":"WebPage","@id":"https:\/\/liridoni-kos.com\/sq\/politika-e-cookie-ve\/","url":"https:\/\/liridoni-kos.com\/sq\/politika-e-cookie-ve\/","name":"Politika e cookie-ve - LIRIDONI DISTRIBUTION","isPartOf":{"@id":"https:\/\/liridoni-kos.com\/#website"},"datePublished":"2026-03-23T10:14:48+00:00","dateModified":"2026-03-23T13:25:38+00:00","breadcrumb":{"@id":"https:\/\/liridoni-kos.com\/sq\/politika-e-cookie-ve\/#breadcrumb"},"inLanguage":"sq-AL","potentialAction":[{"@type":"ReadAction","target":["https:\/\/liridoni-kos.com\/sq\/politika-e-cookie-ve\/"]}]},{"@type":"BreadcrumbList","@id":"https:\/\/liridoni-kos.com\/sq\/politika-e-cookie-ve\/#breadcrumb","itemListElement":[{"@type":"ListItem","position":1,"name":"Home","item":"https:\/\/liridoni-kos.com\/"},{"@type":"ListItem","position":2,"name":"Politika e cookie-ve"}]},{"@type":"WebSite","@id":"https:\/\/liridoni-kos.com\/#website","url":"https:\/\/liridoni-kos.com\/","name":"LIRIDONI DISTRIBUTION","description":"34 YEARS OF EXPERIENCE","publisher":{"@id":"https:\/\/liridoni-kos.com\/#organization"},"potentialAction":[{"@type":"SearchAction","target":{"@type":"EntryPoint","urlTemplate":"https:\/\/liridoni-kos.com\/?s={search_term_string}"},"query-input":{"@type":"PropertyValueSpecification","valueRequired":true,"valueName":"search_term_string"}}],"inLanguage":"sq-AL"},{"@type":"Organization","@id":"https:\/\/liridoni-kos.com\/#organization","name":"LIRIDONI Distribution","url":"https:\/\/liridoni-kos.com\/","logo":{"@type":"ImageObject","inLanguage":"sq-AL","@id":"https:\/\/liridoni-kos.com\/#\/schema\/logo\/image\/","url":"http:\/\/localhost\/liridonua\/wp-content\/uploads\/2023\/05\/liridoni-seo.jpg","contentUrl":"http:\/\/localhost\/liridonua\/wp-content\/uploads\/2023\/05\/liridoni-seo.jpg","width":1200,"height":675,"caption":"LIRIDONI Distribution"},"image":{"@id":"https:\/\/liridoni-kos.com\/#\/schema\/logo\/image\/"},"sameAs":["https:\/\/www.facebook.com\/nt.liridoni\/","https:\/\/www.instagram.com\/liridonidistribution\/"]}]}},"_links":{"self":[{"href":"https:\/\/liridoni-kos.com\/sq\/wp-json\/wp\/v2\/pages\/3282","targetHints":{"allow":["GET"]}}],"collection":[{"href":"https:\/\/liridoni-kos.com\/sq\/wp-json\/wp\/v2\/pages"}],"about":[{"href":"https:\/\/liridoni-kos.com\/sq\/wp-json\/wp\/v2\/types\/page"}],"author":[{"embeddable":true,"href":"https:\/\/liridoni-kos.com\/sq\/wp-json\/wp\/v2\/users\/1"}],"replies":[{"embeddable":true,"href":"https:\/\/liridoni-kos.com\/sq\/wp-json\/wp\/v2\/comments?post=3282"}],"version-history":[{"count":3,"href":"https:\/\/liridoni-kos.com\/sq\/wp-json\/wp\/v2\/pages\/3282\/revisions"}],"predecessor-version":[{"id":3287,"href":"https:\/\/liridoni-kos.com\/sq\/wp-json\/wp\/v2\/pages\/3282\/revisions\/3287"}],"wp:attachment":[{"href":"https:\/\/liridoni-kos.com\/sq\/wp-json\/wp\/v2\/media?parent=3282"}],"curies":[{"name":"wp","href":"https:\/\/api.w.org\/{rel}","templated":true}]}}